{"id":19229,"date":"2026-03-22T17:19:03","date_gmt":"2026-03-22T17:19:03","guid":{"rendered":"https:\/\/pixl8.dk\/?page_id=19229"},"modified":"2026-03-22T18:24:34","modified_gmt":"2026-03-22T18:24:34","slug":"samarbejdet-med-pixl8","status":"publish","type":"page","link":"https:\/\/pixl8.dk\/da\/samarbejdet-med-pixl8\/","title":{"rendered":"Samarbejdet med PIXL8"},"content":{"rendered":"<div data-elementor-type=\"wp-page\" data-elementor-id=\"19229\" class=\"elementor elementor-19229\" data-elementor-post-type=\"page\">\n\t\t\t\t<div class=\"elementor-element elementor-element-7b23255 e-flex e-con-boxed e-con e-parent\" data-id=\"7b23255\" data-element_type=\"container\" data-e-type=\"container\">\n\t\t\t\t\t<div class=\"e-con-inner\">\n\t\t<div class=\"elementor-element elementor-element-6adcf2a e-con-full e-flex e-con e-child\" data-id=\"6adcf2a\" data-element_type=\"container\" data-e-type=\"container\">\n\t\t<div class=\"elementor-element elementor-element-a3a53e0 e-con-full e-flex e-con e-child\" data-id=\"a3a53e0\" data-element_type=\"container\" data-e-type=\"container\">\n\t\t\t\t<div class=\"elementor-element elementor-element-7f883c8 elementor-widget elementor-widget-heading\" data-id=\"7f883c8\" data-element_type=\"widget\" data-e-type=\"widget\" data-widget_type=\"heading.default\">\n\t\t\t\t\t<h2 class=\"elementor-heading-title elementor-size-default\">Samarbejdet med PIXL8<\/h2>\t\t\t\t<\/div>\n\t\t\t\t<div class=\"elementor-element elementor-element-d241da7 elementor-widget elementor-widget-text-editor\" data-id=\"d241da7\" data-element_type=\"widget\" data-e-type=\"widget\" data-widget_type=\"text-editor.default\">\n\t\t\t\t\t\t\t\t\t<p>Vi g\u00e5r ind for klar og venlig kommunikation \u2013 her finder du ingen forvirrende juridisk sprogbrug. Nedenfor finder du en overskuelig oversigt over, hvordan vi samarbejder, herunder priser, projektfaser, leverancer og hvad du kan forvente. Betragt det som vores aftale \u2013 et simpelt h\u00e5ndtryk, der sikrer, at alt forl\u00f8ber efter planen.<\/p>\t\t\t\t\t\t\t\t<\/div>\n\t\t\t\t<\/div>\n\t\t<div class=\"elementor-element elementor-element-628288e e-con-full e-flex e-con e-child\" data-id=\"628288e\" data-element_type=\"container\" data-e-type=\"container\">\n\t\t\t\t<div class=\"elementor-element elementor-element-b2c0497 elementor-widget elementor-widget-heading\" data-id=\"b2c0497\" data-element_type=\"widget\" data-e-type=\"widget\" data-widget_type=\"heading.default\">\n\t\t\t\t\t<h2 class=\"elementor-heading-title elementor-size-default\">Pricing &amp; payment<\/h2>\t\t\t\t<\/div>\n\t\t\t\t<div class=\"elementor-element elementor-element-0ef4020 elementor-widget elementor-widget-text-editor\" data-id=\"0ef4020\" data-element_type=\"widget\" data-e-type=\"widget\" data-widget_type=\"text-editor.default\">\n\t\t\t\t\t\t\t\t\t<p>Hvert projekt er unikt. Vi dr\u00f8fter dine m\u00e5l og udarbejder derefter et skr\u00e6ddersyet tilbud (prisen er <i>\"efter aftale\"<\/i>). Der er ingen skjulte gebyrer, og tilbuddet vil tydeligt angive, hvad der er inkluderet.<\/p>\t\t\t\t\t\t\t\t<\/div>\n\t\t\t\t<div class=\"elementor-element elementor-element-13ec749 elementor-widget elementor-widget-text-editor\" data-id=\"13ec749\" data-element_type=\"widget\" data-e-type=\"widget\" data-widget_type=\"text-editor.default\">\n\t\t\t\t\t\t\t\t\t<p>For at sikre os tid beder vi normalt om et forskud p\u00e5 50 %. De resterende 50 % faktureres, n\u00e5r arbejdet er afsluttet, og du er tilfreds med resultatet.<\/p>\t\t\t\t\t\t\t\t<\/div>\n\t\t\t\t<div class=\"elementor-element elementor-element-1f9f3d1 elementor-widget elementor-widget-heading\" data-id=\"1f9f3d1\" data-element_type=\"widget\" data-e-type=\"widget\" data-widget_type=\"heading.default\">\n\t\t\t\t\t<h4 class=\"elementor-heading-title elementor-size-default\">Betalingsbetingelser<\/h4>\t\t\t\t<\/div>\n\t\t\t\t<div class=\"elementor-element elementor-element-a5b9fd9 elementor-widget elementor-widget-text-editor\" data-id=\"a5b9fd9\" data-element_type=\"widget\" data-e-type=\"widget\" data-widget_type=\"text-editor.default\">\n\t\t\t\t\t\t\t\t\t<p>Fakturaer skal betales inden for 14 dage. Ved behov kan vi efter aftale aftale delbetalinger eller en anden betalingsplan.<\/p>\t\t\t\t\t\t\t\t<\/div>\n\t\t\t\t<\/div>\n\t\t<div class=\"elementor-element elementor-element-31b2187 e-con-full e-flex e-con e-child\" data-id=\"31b2187\" data-element_type=\"container\" data-e-type=\"container\">\n\t\t\t\t<div class=\"elementor-element elementor-element-b2b9d09 elementor-widget elementor-widget-heading\" data-id=\"b2b9d09\" data-element_type=\"widget\" data-e-type=\"widget\" data-widget_type=\"heading.default\">\n\t\t\t\t\t<h2 class=\"elementor-heading-title elementor-size-default\">Projektomfang og tidsplan<\/h2>\t\t\t\t<\/div>\n\t\t\t\t<div class=\"elementor-element elementor-element-29eb4b9 elementor-widget elementor-widget-text-editor\" data-id=\"29eb4b9\" data-element_type=\"widget\" data-e-type=\"widget\" data-widget_type=\"text-editor.default\">\n\t\t\t\t\t\t\t\t\t<p>Inden vi g\u00e5r i gang, aftaler vi projektets omfang (f.eks. antal designs, sider eller leverancer) og tidsplanen. P\u00e5 den m\u00e5de sikrer vi, at vi alle ved, hvad vi kan forvente. Hvis du senere beslutter at udvide projektet, dr\u00f8fter vi, hvordan det p\u00e5virker omkostningerne og tidsplanen.<\/p>\t\t\t\t\t\t\t\t<\/div>\n\t\t\t\t<div class=\"elementor-element elementor-element-62bcab0 elementor-widget elementor-widget-heading\" data-id=\"62bcab0\" data-element_type=\"widget\" data-e-type=\"widget\" data-widget_type=\"heading.default\">\n\t\t\t\t\t<h4 class=\"elementor-heading-title elementor-size-default\">Frister<\/h4>\t\t\t\t<\/div>\n\t\t\t\t<div class=\"elementor-element elementor-element-f1228e9 elementor-widget elementor-widget-text-editor\" data-id=\"f1228e9\" data-element_type=\"widget\" data-e-type=\"widget\" data-widget_type=\"text-editor.default\">\n\t\t\t\t\t\t\t\t\t<p>Vi bestr\u00e6ber os p\u00e5 at overholde de aftalte frister. Kreativt arbejde kan dog v\u00e6re en iterativ proces. Hvis der sker \u00e6ndringer (nye ideer, uventede forsinkelser osv.), vil vi straks give besked og tilpasse tidsplanen i f\u00e6llesskab. Dit projekt vil aldrig forsvinde fra vores radar.<\/p>\t\t\t\t\t\t\t\t<\/div>\n\t\t\t\t<div class=\"elementor-element elementor-element-dd2beee elementor-widget elementor-widget-heading\" data-id=\"dd2beee\" data-element_type=\"widget\" data-e-type=\"widget\" data-widget_type=\"heading.default\">\n\t\t\t\t\t<h4 class=\"elementor-heading-title elementor-size-default\">\u00c6ndringer<\/h4>\t\t\t\t<\/div>\n\t\t\t\t<div class=\"elementor-element elementor-element-5cda524 elementor-widget elementor-widget-text-editor\" data-id=\"5cda524\" data-element_type=\"widget\" data-e-type=\"widget\" data-widget_type=\"text-editor.default\">\n\t\t\t\t\t\t\t\t\t<p>Hvis du har brug for at s\u00e6tte projektet p\u00e5 pause eller \u00e6ndre projektomfanget undervejs (for eksempel tilf\u00f8je en ny funktion eller fjerne noget), skal du bare give os besked. Vi gennemg\u00e5r sammen konsekvenserne og justerer tidsplanen eller prisen efter behov.<\/p>\t\t\t\t\t\t\t\t<\/div>\n\t\t\t\t<\/div>\n\t\t<div class=\"elementor-element elementor-element-49763cc e-con-full e-flex e-con e-child\" data-id=\"49763cc\" data-element_type=\"container\" data-e-type=\"container\">\n\t\t\t\t<div class=\"elementor-element elementor-element-4bc20ae elementor-widget elementor-widget-heading\" data-id=\"4bc20ae\" data-element_type=\"widget\" data-e-type=\"widget\" data-widget_type=\"heading.default\">\n\t\t\t\t\t<h2 class=\"elementor-heading-title elementor-size-default\">Feedback og \u00e6ndringer<\/h2>\t\t\t\t<\/div>\n\t\t\t\t<div class=\"elementor-element elementor-element-3359de5 elementor-widget elementor-widget-text-editor\" data-id=\"3359de5\" data-element_type=\"widget\" data-e-type=\"widget\" data-widget_type=\"text-editor.default\">\n\t\t\t\t\t\t\t\t\t<p>Vi indbygger evalueringspunkter (for eksempel efter de f\u00f8rste udkast eller prototyper). Det er din mulighed for at give feedback. Vi indarbejder et par revisionsrunder i vores proces for at finpudse designene.<\/p><p>Din feedback holder projektet i gang. Hvis du er l\u00e6nge om at svare, forl\u00e6nges projektets tidsplan. Vi s\u00e6tter pris p\u00e5 hurtige svar (inden for et par hverdage), s\u00e5 vi kan bevare det kreative momentum.<\/p>\t\t\t\t\t\t\t\t<\/div>\n\t\t\t\t<div class=\"elementor-element elementor-element-1e988b0 elementor-widget elementor-widget-heading\" data-id=\"1e988b0\" data-element_type=\"widget\" data-e-type=\"widget\" data-widget_type=\"heading.default\">\n\t\t\t\t\t<h4 class=\"elementor-heading-title elementor-size-default\">Ekstra gebyrer<\/h4>\t\t\t\t<\/div>\n\t\t\t\t<div class=\"elementor-element elementor-element-bb62d27 elementor-widget elementor-widget-text-editor\" data-id=\"bb62d27\" data-element_type=\"widget\" data-e-type=\"widget\" data-widget_type=\"text-editor.default\">\n\t\t\t\t\t\t\t\t\t<p>N\u00e5r du har godkendt de endelige design og betalt den endelige faktura, er projektet afsluttet. Eventuelle yderligere justeringer efter dette tidspunkt betragtes som nyt arbejde og vil blive faktureret i overensstemmelse hermed. (Bare rolig \u2013 vi s\u00f8rger for, at du er helt tilfreds med designet, inden vi n\u00e5r til det \u00bbendelige\u00ab.)<\/p>\t\t\t\t\t\t\t\t<\/div>\n\t\t\t\t<\/div>\n\t\t<div class=\"elementor-element elementor-element-d4e764b e-con-full e-flex e-con e-child\" data-id=\"d4e764b\" data-element_type=\"container\" data-e-type=\"container\">\n\t\t\t\t<div class=\"elementor-element elementor-element-d9b2840 elementor-widget elementor-widget-heading\" data-id=\"d9b2840\" data-element_type=\"widget\" data-e-type=\"widget\" data-widget_type=\"heading.default\">\n\t\t\t\t\t<h2 class=\"elementor-heading-title elementor-size-default\">Leverancer og ansvar<\/h2>\t\t\t\t<\/div>\n\t\t\t\t<div class=\"elementor-element elementor-element-2180091 elementor-widget elementor-widget-text-editor\" data-id=\"2180091\" data-element_type=\"widget\" data-e-type=\"widget\" data-widget_type=\"text-editor.default\">\n\t\t\t\t\t\t\t\t\t<p>Efter den endelige betaling modtager du alle de endelige designfiler, vi har lovet (f.eks. logofiler, kildefiler, mockups osv.), i de aftalte formater.<\/p><p>N\u00e5r projektet er afsluttet og betalt, ejer du rettighederne til at anvende de endelige leverancer i din virksomhed. Vi forbeholder os retten til at vise arbejdet i vores portef\u00f8lje eller i vores markedsf\u00f8ring (medmindre du foretr\u00e6kker, at vi holder det privat).<\/p><p>Ubrugelige udkast eller koncepter bliver som regel slettet, men hvis vi har udviklet noget interessant, beholder vi det m\u00e5ske. Du er velkommen til at give os besked, hvis du \u00f8nsker, at alle ubrugte udkast skal slettes.<\/p>\t\t\t\t\t\t\t\t<\/div>\n\t\t\t\t<\/div>\n\t\t<div class=\"elementor-element elementor-element-ec6b1bf e-con-full e-flex e-con e-child\" data-id=\"ec6b1bf\" data-element_type=\"container\" data-e-type=\"container\">\n\t\t\t\t<div class=\"elementor-element elementor-element-6853c7a elementor-widget elementor-widget-heading\" data-id=\"6853c7a\" data-element_type=\"widget\" data-e-type=\"widget\" data-widget_type=\"heading.default\">\n\t\t\t\t\t<h2 class=\"elementor-heading-title elementor-size-default\">Fortrolighed og privatliv<\/h2>\t\t\t\t<\/div>\n\t\t\t\t<div class=\"elementor-element elementor-element-116bb04 elementor-widget elementor-widget-text-editor\" data-id=\"116bb04\" data-element_type=\"widget\" data-e-type=\"widget\" data-widget_type=\"text-editor.default\">\n\t\t\t\t\t\t\t\t\t<p>Alt, hvad du deler med os (dine brandretningslinjer, fortrolige oplysninger, forretningsplaner osv.), behandles fortroligt. Vi videregiver ikke dine oplysninger eller dit igangv\u00e6rende arbejde til nogen.<\/p><p>Hvis du har brug for en fortrolighedsaftale (NDA), underskriver vi gerne en, inden vi g\u00e5r i gang. Du skal bare sige til \u2013 vi vil gerne have, at du f\u00f8ler dig tryg.<\/p>\t\t\t\t\t\t\t\t<\/div>\n\t\t\t\t<\/div>\n\t\t<div class=\"elementor-element elementor-element-02aa456 e-con-full e-flex e-con e-child\" data-id=\"02aa456\" data-element_type=\"container\" data-e-type=\"container\">\n\t\t\t\t<div class=\"elementor-element elementor-element-d44313c elementor-widget elementor-widget-heading\" data-id=\"d44313c\" data-element_type=\"widget\" data-e-type=\"widget\" data-widget_type=\"heading.default\">\n\t\t\t\t\t<h2 class=\"elementor-heading-title elementor-size-default\">Kommunikation<\/h2>\t\t\t\t<\/div>\n\t\t\t\t<div class=\"elementor-element elementor-element-55c9ed7 elementor-widget elementor-widget-text-editor\" data-id=\"55c9ed7\" data-element_type=\"widget\" data-e-type=\"widget\" data-widget_type=\"text-editor.default\">\n\t\t\t\t\t\t\t\t\t<p>Normalt kommunikerer vi med vores kunder via e-mail.<\/p><p>Vi beder dig om at besvare vores beskeder og anmodninger om gennemgang inden for en rimelig frist (f.eks. inden for et par hverdage). Jo hurtigere du svarer, jo hurtigere kan vi udarbejde dine designs.<\/p><p>Vi holder jer l\u00f8bende opdateret om fremskridtene. Hvis der opst\u00e5r noget presserende, lover vi at give jer besked med det samme. Vi betragter dette projekt som et \u00e6gte partnerskab \u2013 \u00e5ben kommunikation i begge retninger er afg\u00f8rende.<\/p>\t\t\t\t\t\t\t\t<\/div>\n\t\t\t\t<\/div>\n\t\t<div class=\"elementor-element elementor-element-6242734 e-con-full e-flex e-con e-child\" data-id=\"6242734\" data-element_type=\"container\" data-e-type=\"container\">\n\t\t\t\t<div class=\"elementor-element elementor-element-d06e759 elementor-widget elementor-widget-heading\" data-id=\"d06e759\" data-element_type=\"widget\" data-e-type=\"widget\" data-widget_type=\"heading.default\">\n\t\t\t\t\t<h2 class=\"elementor-heading-title elementor-size-default\">Aflysninger<\/h2>\t\t\t\t<\/div>\n\t\t\t\t<div class=\"elementor-element elementor-element-dc66560 elementor-widget elementor-widget-text-editor\" data-id=\"dc66560\" data-element_type=\"widget\" data-e-type=\"widget\" data-widget_type=\"text-editor.default\">\n\t\t\t\t\t\t\t\t\t<p>Hvis en af parterne er n\u00f8dt til at aflyse projektet f\u00f8r tid, tager vi en snak om det. Du betaler for det arbejde, der er udf\u00f8rt indtil da (herunder eventuelle forskud eller registrerede timer). Vi gennemg\u00e5r, hvad der er udf\u00f8rt, og afregner. Vores m\u00e5l er at v\u00e6re retf\u00e6rdige og \u00e5bne.<\/p>\t\t\t\t\t\t\t\t<\/div>\n\t\t\t\t<\/div>\n\t\t\t\t<\/div>\n\t\t<div class=\"elementor-element elementor-element-ad3276d e-con-full e-flex e-con e-child\" data-id=\"ad3276d\" data-element_type=\"container\" data-e-type=\"container\">\n\t\t\t\t<div class=\"elementor-element elementor-element-cbbd513 elementor-widget elementor-widget-text-editor\" data-id=\"cbbd513\" data-element_type=\"widget\" data-e-type=\"widget\" data-widget_type=\"text-editor.default\">\n\t\t\t\t\t\t\t\t\t<p>Vi bestr\u00e6ber os p\u00e5 at holde det hele enkelt. Hvis noget af dette ikke er klart, eller hvis du \u00f8nsker flere oplysninger, er du velkommen til at <a href=\"mailto:hello@ppixl8.dk\">sp\u00f8rg os!<\/a>!<\/p><p>Vi hj\u00e6lper dig gerne med alle trin i vores proces.<\/p>\t\t\t\t\t\t\t\t<\/div>\n\t\t\t\t<\/div>\n\t\t\t\t\t<\/div>\n\t\t\t\t<\/div>\n\t\t\t\t<\/div>","protected":false},"excerpt":{"rendered":"<p>Working with PIXL8 We believe in clear, friendly communication\u2014no confusing legalese here. Below is a straightforward rundown of how we work together, including pricing, project steps, deliverables, and what you can expect. Think of it as our agreement\u2014a simple handshake to keep everything on track. Pricing &amp; payment Every project is unique. We\u2019ll discuss your [&hellip;]<\/p>\n","protected":false},"author":1,"featured_media":0,"parent":0,"menu_order":0,"comment_status":"closed","ping_status":"closed","template":"","meta":{"_acf_changed":false,"footnotes":""},"class_list":["post-19229","page","type-page","status-publish","hentry"],"acf":[],"_links":{"self":[{"href":"https:\/\/pixl8.dk\/da\/wp-json\/wp\/v2\/pages\/19229","targetHints":{"allow":["GET"]}}],"collection":[{"href":"https:\/\/pixl8.dk\/da\/wp-json\/wp\/v2\/pages"}],"about":[{"href":"https:\/\/pixl8.dk\/da\/wp-json\/wp\/v2\/types\/page"}],"author":[{"embeddable":true,"href":"https:\/\/pixl8.dk\/da\/wp-json\/wp\/v2\/users\/1"}],"replies":[{"embeddable":true,"href":"https:\/\/pixl8.dk\/da\/wp-json\/wp\/v2\/comments?post=19229"}],"version-history":[{"count":0,"href":"https:\/\/pixl8.dk\/da\/wp-json\/wp\/v2\/pages\/19229\/revisions"}],"wp:attachment":[{"href":"https:\/\/pixl8.dk\/da\/wp-json\/wp\/v2\/media?parent=19229"}],"curies":[{"name":"wp","href":"https:\/\/api.w.org\/{rel}","templated":true}]}}