{"id":10201,"date":"2023-07-30T17:10:10","date_gmt":"2023-07-30T15:10:10","guid":{"rendered":"https:\/\/lupa.dk\/?page_id=10201"},"modified":"2026-03-25T20:38:01","modified_gmt":"2026-03-25T20:38:01","slug":"ydelser","status":"publish","type":"page","link":"https:\/\/pixl8.dk\/da\/ydelser\/","title":{"rendered":"Ydelser"},"content":{"rendered":"<div data-elementor-type=\"wp-page\" data-elementor-id=\"10201\" class=\"elementor elementor-10201\" data-elementor-post-type=\"page\">\n\t\t\t\t<div class=\"elementor-element elementor-element-be4a0a1 e-flex e-con-boxed e-con e-parent\" data-id=\"be4a0a1\" data-element_type=\"container\" data-e-type=\"container\" data-settings=\"{&quot;background_background&quot;:&quot;gradient&quot;,&quot;shape_divider_top&quot;:&quot;mountains&quot;,&quot;shape_divider_bottom&quot;:&quot;mountains&quot;}\">\n\t\t\t\t\t<div class=\"e-con-inner\">\n\t\t\t\t<div class=\"elementor-shape elementor-shape-top\" aria-hidden=\"true\" data-negative=\"false\">\n\t\t\t<svg xmlns=\"http:\/\/www.w3.org\/2000\/svg\" viewbox=\"0 0 1000 100\" preserveaspectratio=\"none\">\n\t<path class=\"elementor-shape-fill\" opacity=\"0.33\" d=\"M473,67.3c-203.9,88.3-263.1-34-320.3,0C66,119.1,0,59.7,0,59.7V0h1000v59.7 c0,0-62.1,26.1-94.9,29.3c-32.8,3.3-62.8-12.3-75.8-22.1C806,49.6,745.3,8.7,694.9,4.7S492.4,59,473,67.3z\"\/>\n\t<path class=\"elementor-shape-fill\" opacity=\"0.66\" d=\"M734,67.3c-45.5,0-77.2-23.2-129.1-39.1c-28.6-8.7-150.3-10.1-254,39.1 s-91.7-34.4-149.2,0C115.7,118.3,0,39.8,0,39.8V0h1000v36.5c0,0-28.2-18.5-92.1-18.5C810.2,18.1,775.7,67.3,734,67.3z\"\/>\n\t<path class=\"elementor-shape-fill\" d=\"M766.1,28.9c-200-57.5-266,65.5-395.1,19.5C242,1.8,242,5.4,184.8,20.6C128,35.8,132.3,44.9,89.9,52.5C28.6,63.7,0,0,0,0 h1000c0,0-9.9,40.9-83.6,48.1S829.6,47,766.1,28.9z\"\/>\n<\/svg>\t\t<\/div>\n\t\t\t\t<div class=\"elementor-shape elementor-shape-bottom\" aria-hidden=\"true\" data-negative=\"false\">\n\t\t\t<svg xmlns=\"http:\/\/www.w3.org\/2000\/svg\" viewbox=\"0 0 1000 100\" preserveaspectratio=\"none\">\n\t<path class=\"elementor-shape-fill\" opacity=\"0.33\" d=\"M473,67.3c-203.9,88.3-263.1-34-320.3,0C66,119.1,0,59.7,0,59.7V0h1000v59.7 c0,0-62.1,26.1-94.9,29.3c-32.8,3.3-62.8-12.3-75.8-22.1C806,49.6,745.3,8.7,694.9,4.7S492.4,59,473,67.3z\"\/>\n\t<path class=\"elementor-shape-fill\" opacity=\"0.66\" d=\"M734,67.3c-45.5,0-77.2-23.2-129.1-39.1c-28.6-8.7-150.3-10.1-254,39.1 s-91.7-34.4-149.2,0C115.7,118.3,0,39.8,0,39.8V0h1000v36.5c0,0-28.2-18.5-92.1-18.5C810.2,18.1,775.7,67.3,734,67.3z\"\/>\n\t<path class=\"elementor-shape-fill\" d=\"M766.1,28.9c-200-57.5-266,65.5-395.1,19.5C242,1.8,242,5.4,184.8,20.6C128,35.8,132.3,44.9,89.9,52.5C28.6,63.7,0,0,0,0 h1000c0,0-9.9,40.9-83.6,48.1S829.6,47,766.1,28.9z\"\/>\n<\/svg>\t\t<\/div>\n\t\t<div class=\"elementor-element elementor-element-70fb0eb e-con-full e-flex e-con e-child\" data-id=\"70fb0eb\" data-element_type=\"container\" data-e-type=\"container\">\n\t\t\t\t<div class=\"elementor-element elementor-element-c6b0a43 elementor-widget elementor-widget-heading\" data-id=\"c6b0a43\" data-element_type=\"widget\" data-e-type=\"widget\" data-widget_type=\"heading.default\">\n\t\t\t\t\t<h2 class=\"elementor-heading-title elementor-size-default\">Digital design, beautifully done.<\/h2>\t\t\t\t<\/div>\n\t\t\t\t<div class=\"elementor-element elementor-element-0b22fa2 elementor-widget elementor-widget-heading\" data-id=\"0b22fa2\" data-element_type=\"widget\" data-e-type=\"widget\" data-widget_type=\"heading.default\">\n\t\t\t\t\t<h1 class=\"elementor-heading-title elementor-size-default\">Vi hj\u00e6lper virksomheder med at skille sig ud p\u00e5 nettet<\/h1>\t\t\t\t<\/div>\n\t\t\t\t<div class=\"elementor-element elementor-element-14fc97f elementor-widget elementor-widget-text-editor\" data-id=\"14fc97f\" data-element_type=\"widget\" data-e-type=\"widget\" data-widget_type=\"text-editor.default\">\n\t\t\t\t\t\t\t\t\t<p>Vi tilbyder webdesign, udvikling, hosting og indholdstjenester, der hj\u00e6lper virksomheder og brands med at skille sig ud og opn\u00e5 gode resultater p\u00e5 nettet.<\/p><p>PIXL8 forener passion for fantastisk design og solid webekspertise. Vi skaber professionelt udformede hjemmesider for at levere den bedst mulige brugeroplevelse.<\/p><p>Hver kunde er unik, og hvert projekt er forskelligt fra det forrige. Vi tager os god tid til at s\u00e6tte os grundigt ind i din virksomhed, dine m\u00e5l og den m\u00e5lgruppe, du \u00f8nsker at n\u00e5, inden vi g\u00e5r i gang med at udforme noget som helst.<\/p><p>Vi arbejder ofte med skr\u00e6ddersyet <a href=\"\/da\/webdesign\/\">webdesign<\/a>, <a href=\"\/da\/SEO-analytics\/\">SEO-optimisering<\/a>, h\u00f8jt pr\u00e6sterende <a href=\"\/da\/webhosting\/\">webhosting<\/a> og forskellige former for <a href=\"\/da\/content-services\/\">indholdstjeneste<\/a> for at skabe en samlet, n\u00f8glef\u00e6rdig digital l\u00f8sning.<\/p>\t\t\t\t\t\t\t\t<\/div>\n\t\t\t\t<div class=\"elementor-element elementor-element-b7524cb elementor-widget elementor-widget-heading\" data-id=\"b7524cb\" data-element_type=\"widget\" data-e-type=\"widget\" data-widget_type=\"heading.default\">\n\t\t\t\t\t<h3 class=\"elementor-heading-title elementor-size-default\">Relaterede ydelser<\/h3>\t\t\t\t<\/div>\n\t\t\t\t<div class=\"elementor-element elementor-element-fe4e4cf elementor-nav-menu--dropdown-none elementor-nav-menu__align-center elementor-widget elementor-widget-nav-menu\" data-id=\"fe4e4cf\" data-element_type=\"widget\" data-e-type=\"widget\" data-settings=\"{&quot;layout&quot;:&quot;horizontal&quot;,&quot;submenu_icon&quot;:{&quot;value&quot;:&quot;&lt;svg aria-hidden=\\&quot;true\\&quot; class=\\&quot;e-font-icon-svg e-fas-caret-down\\&quot; viewBox=\\&quot;0 0 320 512\\&quot; xmlns=\\&quot;http:\\\/\\\/www.w3.org\\\/2000\\\/svg\\&quot;&gt;&lt;path d=\\&quot;M31.3 192h257.3c17.8 0 26.7 21.5 14.1 34.1L174.1 354.8c-7.8 7.8-20.5 7.8-28.3 0L17.2 226.1C4.6 213.5 13.5 192 31.3 192z\\&quot;&gt;&lt;\\\/path&gt;&lt;\\\/svg&gt;&quot;,&quot;library&quot;:&quot;fa-solid&quot;}}\" data-widget_type=\"nav-menu.default\">\n\t\t\t\t\t\t\t\t<nav aria-label=\"Menu\" class=\"elementor-nav-menu--main elementor-nav-menu__container elementor-nav-menu--layout-horizontal e--pointer-background e--animation-grow\">\n\t\t\t\t<ul id=\"menu-1-fe4e4cf\" class=\"elementor-nav-menu\"><li class=\"menu-item menu-item-type-post_type menu-item-object-page menu-item-18177\"><a href=\"https:\/\/pixl8.dk\/da\/webdesign\/\" class=\"elementor-item\">Webdesign &#038; development<\/a><\/li>\n<li class=\"menu-item menu-item-type-post_type menu-item-object-page menu-item-18175\"><a href=\"https:\/\/pixl8.dk\/da\/seo-optimering\/\" class=\"elementor-item\">SEO-optimering<\/a><\/li>\n<li class=\"menu-item menu-item-type-post_type menu-item-object-page menu-item-18176\"><a href=\"https:\/\/pixl8.dk\/da\/webhosting\/\" class=\"elementor-item\">Webhosting<\/a><\/li>\n<li class=\"menu-item menu-item-type-post_type menu-item-object-page menu-item-18174\"><a href=\"https:\/\/pixl8.dk\/da\/content-services\/\" class=\"elementor-item\">Content<\/a><\/li>\n<\/ul>\t\t\t<\/nav>\n\t\t\t\t\t\t<nav class=\"elementor-nav-menu--dropdown elementor-nav-menu__container\" aria-hidden=\"true\">\n\t\t\t\t<ul id=\"menu-2-fe4e4cf\" class=\"elementor-nav-menu\"><li class=\"menu-item menu-item-type-post_type menu-item-object-page menu-item-18177\"><a href=\"https:\/\/pixl8.dk\/da\/webdesign\/\" class=\"elementor-item\" tabindex=\"-1\">Webdesign &#038; development<\/a><\/li>\n<li class=\"menu-item menu-item-type-post_type menu-item-object-page menu-item-18175\"><a href=\"https:\/\/pixl8.dk\/da\/seo-optimering\/\" class=\"elementor-item\" tabindex=\"-1\">SEO-optimering<\/a><\/li>\n<li class=\"menu-item menu-item-type-post_type menu-item-object-page menu-item-18176\"><a href=\"https:\/\/pixl8.dk\/da\/webhosting\/\" class=\"elementor-item\" tabindex=\"-1\">Webhosting<\/a><\/li>\n<li class=\"menu-item menu-item-type-post_type menu-item-object-page menu-item-18174\"><a href=\"https:\/\/pixl8.dk\/da\/content-services\/\" class=\"elementor-item\" tabindex=\"-1\">Content<\/a><\/li>\n<\/ul>\t\t\t<\/nav>\n\t\t\t\t\t\t<\/div>\n\t\t\t\t<\/div>\n\t\t\t\t\t<\/div>\n\t\t\t\t<\/div>\n\t\t\t\t<\/div>","protected":false},"excerpt":{"rendered":"<p>Digital design, beautifully done. We help businesses stand out online We provide web design, development, hosting and content services that help businesses and brands stand out and perform online. PIXL8 combines a passion for great design with strong web expertise to create professionally crafted online experiences that deliver a superior user experience. Every client is [&hellip;]<\/p>\n","protected":false},"author":1,"featured_media":0,"parent":0,"menu_order":0,"comment_status":"closed","ping_status":"closed","template":"","meta":{"_acf_changed":false,"footnotes":""},"class_list":["post-10201","page","type-page","status-publish","hentry"],"acf":[],"_links":{"self":[{"href":"https:\/\/pixl8.dk\/da\/wp-json\/wp\/v2\/pages\/10201","targetHints":{"allow":["GET"]}}],"collection":[{"href":"https:\/\/pixl8.dk\/da\/wp-json\/wp\/v2\/pages"}],"about":[{"href":"https:\/\/pixl8.dk\/da\/wp-json\/wp\/v2\/types\/page"}],"author":[{"embeddable":true,"href":"https:\/\/pixl8.dk\/da\/wp-json\/wp\/v2\/users\/1"}],"replies":[{"embeddable":true,"href":"https:\/\/pixl8.dk\/da\/wp-json\/wp\/v2\/comments?post=10201"}],"version-history":[{"count":12,"href":"https:\/\/pixl8.dk\/da\/wp-json\/wp\/v2\/pages\/10201\/revisions"}],"predecessor-version":[{"id":19647,"href":"https:\/\/pixl8.dk\/da\/wp-json\/wp\/v2\/pages\/10201\/revisions\/19647"}],"wp:attachment":[{"href":"https:\/\/pixl8.dk\/da\/wp-json\/wp\/v2\/media?parent=10201"}],"curies":[{"name":"wp","href":"https:\/\/api.w.org\/{rel}","templated":true}]}}